{"id":155,"date":"2019-07-16T13:12:46","date_gmt":"2019-07-16T13:12:46","guid":{"rendered":"http:\/\/www.autocentrumgraniczna.pl\/?page_id=155"},"modified":"2023-01-12T16:32:18","modified_gmt":"2023-01-12T16:32:18","slug":"kontakt","status":"publish","type":"page","link":"https:\/\/www.autocentrumgraniczna.pl\/?page_id=155","title":{"rendered":"KONTAKT"},"content":{"rendered":"<p>[et_pb_section fb_built=&#8221;1&#8243; admin_label=&#8221;Additional Informations CTA&#8221; _builder_version=&#8221;3.26.1&#8243; background_color=&#8221;#eaeaf1&#8243; background_image=&#8221;https:\/\/www.autocentrumgraniczna.pl\/wp-content\/uploads\/2019\/07\/mechanic-34.png&#8221; background_position=&#8221;bottom_center&#8221; custom_padding=&#8221;0vw||0vw||true|&#8221; locked=&#8221;off&#8221;][et_pb_row column_structure=&#8221;1_3,1_3,1_3&#8243; use_custom_gutter=&#8221;on&#8221; gutter_width=&#8221;1&#8243; custom_padding=&#8221;0px|0px|0px|0px|false|false&#8221; make_equal=&#8221;on&#8221; padding_top_bottom_link_1=&#8221;true&#8221; padding_top_bottom_link_2=&#8221;true&#8221; padding_top_bottom_link_3=&#8221;true&#8221; padding_left_right_link_1=&#8221;true&#8221; padding_left_right_link_2=&#8221;true&#8221; padding_left_right_link_3=&#8221;true&#8221; _builder_version=&#8221;3.26.1&#8243; box_shadow_style=&#8221;preset2&#8243; box_shadow_vertical=&#8221;28px&#8221; box_shadow_blur=&#8221;40px&#8221; box_shadow_color=&#8221;rgba(0,0,0,0.1)&#8221; max_width=&#8221;1360px&#8221;][et_pb_column type=&#8221;1_3&#8243; _builder_version=&#8221;3.26.1&#8243; background_color=&#8221;rgba(0,0,0,0)&#8221; custom_padding=&#8221;30px|40px|30px|40px|false|false&#8221; custom_padding_tablet=&#8221;50px||50px||true&#8221; custom_padding_last_edited=&#8221;on|desktop&#8221; custom_padding__hover=&#8221;|||&#8221; background_image=&#8221;https:\/\/www.autocentrumgraniczna.pl\/wp-content\/uploads\/2019\/07\/mechanic-34.png&#8221;][et_pb_image src=&#8221;http:\/\/www.autocentrumgraniczna.pl\/wp-content\/uploads\/2019\/07\/centrum_logo.png&#8221; align=&#8221;center&#8221; _builder_version=&#8221;3.26.1&#8243; background_color=&#8221;rgba(0,0,0,0)&#8221; width=&#8221;90%&#8221; custom_margin=&#8221;||21px|||&#8221;][\/et_pb_image][et_pb_text _builder_version=&#8221;3.26.1&#8243; text_font=&#8221;Oswald|||||on|||&#8221; text_text_align=&#8221;center&#8221; text_font_size=&#8221;22px&#8221;]<\/p>\n<p>AUTO CENTRUM GRANICZNA<br \/> Bart\u0142omiej Klimaszewski<br \/> ul. Graniczna 1A<br \/> 07-410 Ostro\u0142\u0119ka<\/p>\n<p>[\/et_pb_text][et_pb_code _builder_version=&#8221;3.26.1&#8243; text_orientation=&#8221;center&#8221; width=&#8221;100%&#8221; custom_margin=&#8221;20px||||false|false&#8221;]<iframe loading=\"lazy\" src=\"https:\/\/www.google.com\/maps\/embed?pb=!1m18!1m12!1m3!1d2397.1590137761696!2d21.602830315828115!3d53.071416779922316!2m3!1f0!2f0!3f0!3m2!1i1024!2i768!4f13.1!3m3!1m2!1s0x471ee5095b8b2d7d%3A0xe67036e997a30d1!2sAuto%20Centrum%20Graniczna%20-%20Okr%C4%99gowa%20Stacja%20Kontroli%20Pojazd%C3%B3w%20Ostro%C5%82%C4%99ka!5e0!3m2!1spl!2spl!4v1568727910632!5m2!1spl!2spl\" width=\"500\" height=\"300\" frameborder=\"0\" style=\"border:0;\" allowfullscreen=\"\"><\/iframe>[\/et_pb_code][\/et_pb_column][et_pb_column type=&#8221;1_3&#8243; _builder_version=&#8221;3.26.1&#8243; use_background_color_gradient=&#8221;on&#8221; background_color_gradient_start=&#8221;rgba(2,24,39,0.7)&#8221; background_color_gradient_end=&#8221;rgba(2,24,39,0.6)&#8221; background_color_gradient_overlays_image=&#8221;on&#8221; background_image=&#8221;https:\/\/www.autocentrumgraniczna.pl\/wp-content\/uploads\/2019\/07\/mechanic-87.jpg&#8221; custom_padding=&#8221;100px|40px|100px|40px&#8221; custom_padding_tablet=&#8221;50px||50px||true&#8221; custom_padding_last_edited=&#8221;on|desktop&#8221; custom_padding__hover=&#8221;|||&#8221;][et_pb_text _builder_version=&#8221;3.26.1&#8243; text_font=&#8221;|600|||||||&#8221; text_line_height=&#8221;2em&#8221; header_font=&#8221;||||||||&#8221; header_4_font=&#8221;Khand|700||on|||||&#8221; header_4_font_size=&#8221;35px&#8221; header_4_line_height=&#8221;1.2em&#8221; background_layout=&#8221;dark&#8221; custom_margin=&#8221;-2px|||||&#8221; header_4_font_size_tablet=&#8221;30px&#8221; header_4_font_size_phone=&#8221;25px&#8221; header_4_font_size_last_edited=&#8221;on|phone&#8221; locked=&#8221;off&#8221;]<\/p>\n<h4>GODZINY OTWARCIA<\/h4>\n<p>[\/et_pb_text][et_pb_blurb title=&#8221;OKR\u0118GOWA STACJA KONTROLI POJAZD\u00d3W&#8221; use_icon=&#8221;on&#8221; font_icon=&#8221;%%92%%&#8221; icon_color=&#8221;#ffffff&#8221; icon_placement=&#8221;left&#8221; use_icon_font_size=&#8221;on&#8221; icon_font_size=&#8221;28px&#8221; _builder_version=&#8221;3.26.1&#8243; header_font=&#8221;|700||on|||||&#8221; header_text_color=&#8221;#ffffff&#8221; header_font_size=&#8221;19px&#8221; header_letter_spacing=&#8221;1px&#8221; header_line_height=&#8221;2em&#8221; body_font=&#8221;Khand|700|||||||&#8221; body_text_color=&#8221;#ffffff&#8221; body_font_size=&#8221;22px&#8221; body_line_height=&#8221;0.1em&#8221; custom_margin=&#8221;0px|||||&#8221; custom_padding=&#8221;|||&#8221; animation=&#8221;off&#8221; body_text_color_last_edited=&#8221;on|phone&#8221; locked=&#8221;off&#8221;]<\/p>\n<p>PN-PT 7:00 &#8211; 19:00<\/p>\n<p>SOBOTA 7:00 &#8211; 15:00<\/p>\n<p>[\/et_pb_blurb][et_pb_blurb title=&#8221;CENTRUM UBEZPIECZE\u0143&#8221; use_icon=&#8221;on&#8221; font_icon=&#8221;%%92%%&#8221; icon_color=&#8221;#ffffff&#8221; icon_placement=&#8221;left&#8221; use_icon_font_size=&#8221;on&#8221; icon_font_size=&#8221;28px&#8221; _builder_version=&#8221;3.26.1&#8243; header_font=&#8221;|700||on|||||&#8221; header_text_color=&#8221;#ffffff&#8221; header_font_size=&#8221;19px&#8221; header_letter_spacing=&#8221;1px&#8221; header_line_height=&#8221;2em&#8221; body_font=&#8221;Khand|700|||||||&#8221; body_text_color=&#8221;#ffffff&#8221; body_font_size=&#8221;22px&#8221; body_line_height=&#8221;0.1em&#8221; custom_margin=&#8221;30px||||false|false&#8221; custom_margin_last_edited=&#8221;on|desktop&#8221; custom_padding=&#8221;|||&#8221; animation=&#8221;off&#8221; body_text_color_last_edited=&#8221;on|phone&#8221; locked=&#8221;off&#8221;]<\/p>\n<p>PN-PT 9:00 &#8211; 17:00<\/p>\n<p>SOBOTA 9:00 &#8211; 13:00<\/p>\n<p>[\/et_pb_blurb][et_pb_blurb title=&#8221;AUTO SERWIS&#8221; use_icon=&#8221;on&#8221; font_icon=&#8221;%%92%%&#8221; icon_color=&#8221;#ffffff&#8221; icon_placement=&#8221;left&#8221; use_icon_font_size=&#8221;on&#8221; icon_font_size=&#8221;28px&#8221; _builder_version=&#8221;3.26.1&#8243; header_font=&#8221;|700||on|||||&#8221; header_text_color=&#8221;#ffffff&#8221; header_font_size=&#8221;19px&#8221; header_letter_spacing=&#8221;1px&#8221; header_line_height=&#8221;2em&#8221; body_font=&#8221;Khand|700|||||||&#8221; body_text_color=&#8221;#ffffff&#8221; body_font_size=&#8221;22px&#8221; body_line_height=&#8221;0.1em&#8221; custom_margin=&#8221;30px||||false|false&#8221; custom_padding=&#8221;|||&#8221; animation=&#8221;off&#8221; body_font_size_phone=&#8221;22px&#8221; body_font_size_last_edited=&#8221;on|phone&#8221; locked=&#8221;off&#8221;]<\/p>\n<p>PN-PT 8:00 &#8211; 17:00<\/p>\n<p>SOBOTA 8:00 &#8211; 13:00<\/p>\n<p>[\/et_pb_blurb][et_pb_blurb title=&#8221;AUTO KASACJA&#8221; use_icon=&#8221;on&#8221; font_icon=&#8221;%%92%%&#8221; icon_color=&#8221;#ffffff&#8221; icon_placement=&#8221;left&#8221; use_icon_font_size=&#8221;on&#8221; icon_font_size=&#8221;28px&#8221; _builder_version=&#8221;3.26.1&#8243; header_font=&#8221;|700||on|||||&#8221; header_text_color=&#8221;#ffffff&#8221; header_font_size=&#8221;19px&#8221; header_letter_spacing=&#8221;1px&#8221; header_line_height=&#8221;2em&#8221; body_font=&#8221;Khand|700|||||||&#8221; body_text_color=&#8221;#ffffff&#8221; body_font_size=&#8221;22px&#8221; body_line_height=&#8221;0.1em&#8221; custom_margin=&#8221;30px||||false|false&#8221; custom_padding=&#8221;|||&#8221; animation=&#8221;off&#8221; body_font_size_phone=&#8221;22px&#8221; body_font_size_last_edited=&#8221;on|phone&#8221; locked=&#8221;off&#8221;]<\/p>\n<p>PN-PT 8:00 &#8211; 17:00<\/p>\n<p>SOBOTA 8:00 &#8211; 13:00<\/p>\n<p>[\/et_pb_blurb][\/et_pb_column][et_pb_column type=&#8221;1_3&#8243; _builder_version=&#8221;3.26.1&#8243; use_background_color_gradient=&#8221;on&#8221; background_color_gradient_start=&#8221;rgba(255,255,255,0.9)&#8221; background_color_gradient_end=&#8221;#ffffff&#8221; background_color_gradient_overlays_image=&#8221;on&#8221; background_image=&#8221;https:\/\/www.autocentrumgraniczna.pl\/wp-content\/uploads\/2019\/07\/mechanic-90.jpg&#8221; custom_padding=&#8221;100px|40px|100px|40px&#8221; custom_padding_tablet=&#8221;50px||50px||true&#8221; custom_padding_last_edited=&#8221;on|phone&#8221; custom_padding__hover=&#8221;|||&#8221;][et_pb_text _builder_version=&#8221;3.26.1&#8243; text_font=&#8221;|600|||||||&#8221; text_line_height=&#8221;2em&#8221; header_font=&#8221;||||||||&#8221; header_4_font=&#8221;Khand|700||on|||||&#8221; header_4_font_size=&#8221;35px&#8221; header_4_line_height=&#8221;1.2em&#8221; custom_padding=&#8221;0px|||||&#8221; header_4_font_size_tablet=&#8221;30px&#8221; header_4_font_size_phone=&#8221;25px&#8221; header_4_font_size_last_edited=&#8221;on|phone&#8221; locked=&#8221;off&#8221;]<\/p>\n<h4>KONTAKT<\/h4>\n<p>[\/et_pb_text][et_pb_blurb title=&#8221;OKR\u0118GOWA STACJA KONTROLI POJAZD\u00d3W &#8221; use_icon=&#8221;on&#8221; font_icon=&#8221;%%264%%&#8221; icon_color=&#8221;rgba(2,24,39,0.6)&#8221; icon_placement=&#8221;left&#8221; use_icon_font_size=&#8221;on&#8221; icon_font_size=&#8221;20px&#8221; _builder_version=&#8221;3.26.1&#8243; header_font=&#8221;|700||on|||||&#8221; header_font_size=&#8221;14px&#8221; header_letter_spacing=&#8221;2px&#8221; header_line_height=&#8221;1.2em&#8221; body_font=&#8221;Khand|700|||||||&#8221; body_text_color=&#8221;#0251b8&#8243; body_font_size=&#8221;28px&#8221; body_line_height=&#8221;1.5em&#8221; custom_margin=&#8221;0px|||||&#8221; custom_padding=&#8221;|||&#8221; animation=&#8221;off&#8221; locked=&#8221;off&#8221;]<\/p>\n<p>792-797-120<\/p>\n<p>[\/et_pb_blurb][et_pb_blurb title=&#8221;CENTRUM UBEZPIECZE\u0143&#8221; use_icon=&#8221;on&#8221; font_icon=&#8221;%%264%%&#8221; icon_color=&#8221;rgba(2,24,39,0.6)&#8221; icon_placement=&#8221;left&#8221; use_icon_font_size=&#8221;on&#8221; icon_font_size=&#8221;20px&#8221; _builder_version=&#8221;3.26.1&#8243; header_font=&#8221;|700||on|||||&#8221; header_font_size=&#8221;14px&#8221; header_letter_spacing=&#8221;2px&#8221; header_line_height=&#8221;1.2em&#8221; body_font=&#8221;Khand|700|||||||&#8221; body_text_color=&#8221;#0251b8&#8243; body_font_size=&#8221;28px&#8221; body_line_height=&#8221;1.5em&#8221; custom_margin=&#8221;20px||&#8221; custom_padding=&#8221;|||&#8221; animation=&#8221;off&#8221; locked=&#8221;off&#8221;]<\/p>\n<p>516-266-655<\/p>\n<p>[\/et_pb_blurb][et_pb_blurb title=&#8221;AUTO SERWIS&#8221; use_icon=&#8221;on&#8221; font_icon=&#8221;%%264%%&#8221; icon_color=&#8221;rgba(2,24,39,0.6)&#8221; icon_placement=&#8221;left&#8221; use_icon_font_size=&#8221;on&#8221; icon_font_size=&#8221;20px&#8221; _builder_version=&#8221;3.26.1&#8243; header_font=&#8221;|700||on|||||&#8221; header_font_size=&#8221;14px&#8221; header_letter_spacing=&#8221;2px&#8221; header_line_height=&#8221;1.2em&#8221; body_font=&#8221;Khand|700|||||||&#8221; body_text_color=&#8221;#0251b8&#8243; body_font_size=&#8221;28px&#8221; body_line_height=&#8221;1.5em&#8221; custom_margin=&#8221;20px||&#8221; custom_padding=&#8221;|||&#8221; animation=&#8221;off&#8221; locked=&#8221;off&#8221;]<\/p>\n<p>792-797-124<\/p>\n<p>[\/et_pb_blurb][et_pb_blurb title=&#8221;AUTO KASACJA&#8221; use_icon=&#8221;on&#8221; font_icon=&#8221;%%264%%&#8221; icon_color=&#8221;rgba(2,24,39,0.6)&#8221; icon_placement=&#8221;left&#8221; use_icon_font_size=&#8221;on&#8221; icon_font_size=&#8221;20px&#8221; _builder_version=&#8221;3.26.1&#8243; header_font=&#8221;|700||on|||||&#8221; header_font_size=&#8221;14px&#8221; header_letter_spacing=&#8221;2px&#8221; header_line_height=&#8221;1.2em&#8221; body_font=&#8221;Khand|700|||||||&#8221; body_text_color=&#8221;#0251b8&#8243; body_font_size=&#8221;28px&#8221; body_line_height=&#8221;1.5em&#8221; custom_margin=&#8221;20px||&#8221; custom_padding=&#8221;|||&#8221; animation=&#8221;off&#8221; locked=&#8221;off&#8221;]<\/p>\n<p>604-247-606<\/p>\n<p>[\/et_pb_blurb][et_pb_blurb title=&#8221;AUTO CZ\u0118\u015aCI U\u017bYWANE&#8221; use_icon=&#8221;on&#8221; font_icon=&#8221;%%264%%&#8221; icon_color=&#8221;rgba(2,24,39,0.6)&#8221; icon_placement=&#8221;left&#8221; use_icon_font_size=&#8221;on&#8221; icon_font_size=&#8221;20px&#8221; _builder_version=&#8221;3.26.1&#8243; header_font=&#8221;|700||on|||||&#8221; header_font_size=&#8221;14px&#8221; header_letter_spacing=&#8221;2px&#8221; header_line_height=&#8221;1.2em&#8221; body_font=&#8221;Khand|700|||||||&#8221; body_text_color=&#8221;#0251b8&#8243; body_font_size=&#8221;28px&#8221; body_line_height=&#8221;1.5em&#8221; custom_margin=&#8221;20px||&#8221; custom_padding=&#8221;|||&#8221; animation=&#8221;off&#8221; locked=&#8221;off&#8221;]<\/p>\n<p>883-247-606<\/p>\n<p>[\/et_pb_blurb][\/et_pb_column][\/et_pb_row][\/et_pb_section]<\/p>\n","protected":false},"excerpt":{"rendered":"<p>[et_pb_section fb_built=&#8221;1&#8243; admin_label=&#8221;Additional Informations CTA&#8221; _builder_version=&#8221;3.26.1&#8243; background_color=&#8221;#eaeaf1&#8243; background_image=&#8221;https:\/\/www.autocentrumgraniczna.pl\/wp-content\/uploads\/2019\/07\/mechanic-34.png&#8221; background_position=&#8221;bottom_center&#8221; custom_padding=&#8221;0vw||0vw||true|&#8221; locked=&#8221;off&#8221;][et_pb_row column_structure=&#8221;1_3,1_3,1_3&#8243; use_custom_gutter=&#8221;on&#8221; gutter_width=&#8221;1&#8243; custom_padding=&#8221;0px|0px|0px|0px|false|false&#8221; make_equal=&#8221;on&#8221; padding_top_bottom_link_1=&#8221;true&#8221; padding_top_bottom_link_2=&#8221;true&#8221; padding_top_bottom_link_3=&#8221;true&#8221; padding_left_right_link_1=&#8221;true&#8221; padding_left_right_link_2=&#8221;true&#8221; padding_left_right_link_3=&#8221;true&#8221; _builder_version=&#8221;3.26.1&#8243; box_shadow_style=&#8221;preset2&#8243; box_shadow_vertical=&#8221;28px&#8221; box_shadow_blur=&#8221;40px&#8221; box_shadow_color=&#8221;rgba(0,0,0,0.1)&#8221; max_width=&#8221;1360px&#8221;][et_pb_column type=&#8221;1_3&#8243; _builder_version=&#8221;3.26.1&#8243; background_color=&#8221;rgba(0,0,0,0)&#8221; custom_padding=&#8221;30px|40px|30px|40px|false|false&#8221; custom_padding_tablet=&#8221;50px||50px||true&#8221; custom_padding_last_edited=&#8221;on|desktop&#8221; custom_padding__hover=&#8221;|||&#8221; background_image=&#8221;https:\/\/www.autocentrumgraniczna.pl\/wp-content\/uploads\/2019\/07\/mechanic-34.png&#8221;][et_pb_image src=&#8221;http:\/\/www.autocentrumgraniczna.pl\/wp-content\/uploads\/2019\/07\/centrum_logo.png&#8221; align=&#8221;center&#8221; _builder_version=&#8221;3.26.1&#8243; background_color=&#8221;rgba(0,0,0,0)&#8221; width=&#8221;90%&#8221; custom_margin=&#8221;||21px|||&#8221;][\/et_pb_image][et_pb_text _builder_version=&#8221;3.26.1&#8243; text_font=&#8221;Oswald|||||on|||&#8221; text_text_align=&#8221;center&#8221; text_font_size=&#8221;22px&#8221;] AUTO CENTRUM GRANICZNA Bart\u0142omiej Klimaszewski ul. Graniczna 1A 07-410 [&hellip;]<\/p>\n","protected":false},"author":1,"featured_media":0,"parent":0,"menu_order":0,"comment_status":"closed","ping_status":"closed","template":"","meta":{"_et_pb_use_builder":"on","_et_pb_old_content":""},"_links":{"self":[{"href":"https:\/\/www.autocentrumgraniczna.pl\/index.php?rest_route=\/wp\/v2\/pages\/155"}],"collection":[{"href":"https:\/\/www.autocentrumgraniczna.pl\/index.php?rest_route=\/wp\/v2\/pages"}],"about":[{"href":"https:\/\/www.autocentrumgraniczna.pl\/index.php?rest_route=\/wp\/v2\/types\/page"}],"author":[{"embeddable":true,"href":"https:\/\/www.autocentrumgraniczna.pl\/index.php?rest_route=\/wp\/v2\/users\/1"}],"replies":[{"embeddable":true,"href":"https:\/\/www.autocentrumgraniczna.pl\/index.php?rest_route=%2Fwp%2Fv2%2Fcomments&post=155"}],"version-history":[{"count":36,"href":"https:\/\/www.autocentrumgraniczna.pl\/index.php?rest_route=\/wp\/v2\/pages\/155\/revisions"}],"predecessor-version":[{"id":555,"href":"https:\/\/www.autocentrumgraniczna.pl\/index.php?rest_route=\/wp\/v2\/pages\/155\/revisions\/555"}],"wp:attachment":[{"href":"https:\/\/www.autocentrumgraniczna.pl\/index.php?rest_route=%2Fwp%2Fv2%2Fmedia&parent=155"}],"curies":[{"name":"wp","href":"https:\/\/api.w.org\/{rel}","templated":true}]}}